{"id":20511,"date":"2019-01-14T23:37:27","date_gmt":"2019-01-14T21:37:27","guid":{"rendered":"https:\/\/optitexdevenv.wpengine.com\/support\/"},"modified":"2026-02-05T15:06:08","modified_gmt":"2026-02-05T13:06:08","slug":"support","status":"publish","type":"page","link":"https:\/\/optitex.com\/es\/support\/","title":{"rendered":"Asistencia &#8211; Optitex"},"content":{"rendered":"","protected":false},"excerpt":{"rendered":"","protected":false},"author":1,"featured_media":0,"parent":0,"menu_order":0,"comment_status":"closed","ping_status":"closed","template":"template-dynamic.php","meta":{"footnotes":""},"class_list":["post-20511","page","type-page","status-publish","hentry"],"acf":[],"yoast_head":"<!-- This site is optimized with the Yoast SEO plugin v27.4 - https:\/\/yoast.com\/product\/yoast-seo-wordpress\/ -->\n<title>Asistencia - Optitex<\/title>\n<meta name=\"description\" content=\"Apoy\u00e1ndolo en todas las zonas horarias, el centro de soporte Optitex proporciona toda la informaci\u00f3n necesaria para aprovechar al m\u00e1ximo los productos Optitex.\" \/>\n<meta name=\"robots\" content=\"index, follow, max-snippet:-1, max-image-preview:large, max-video-preview:-1\" \/>\n<link rel=\"canonical\" href=\"https:\/\/optitex.com\/es\/support\/\" \/>\n<meta property=\"og:locale\" content=\"es_ES\" \/>\n<meta property=\"og:type\" content=\"article\" \/>\n<meta property=\"og:title\" content=\"Asistencia - Optitex\" \/>\n<meta property=\"og:description\" content=\"Apoy\u00e1ndolo en todas las zonas horarias, el centro de soporte Optitex proporciona toda la informaci\u00f3n necesaria para aprovechar al m\u00e1ximo los productos Optitex.\" \/>\n<meta property=\"og:url\" content=\"https:\/\/optitex.com\/es\/support\/\" \/>\n<meta property=\"og:site_name\" content=\"Optitex\" \/>\n<meta property=\"article:modified_time\" content=\"2026-02-05T13:06:08+00:00\" \/>\n<meta property=\"og:image\" content=\"https:\/\/optitex.com\/wp-content\/uploads\/2020\/04\/Optitex_social.png\" \/>\n\t<meta property=\"og:image:width\" content=\"600\" \/>\n\t<meta property=\"og:image:height\" content=\"600\" \/>\n\t<meta property=\"og:image:type\" content=\"image\/png\" \/>\n<script type=\"application\/ld+json\" class=\"yoast-schema-graph\">{\"@context\":\"https:\\\/\\\/schema.org\",\"@graph\":[{\"@type\":\"WebPage\",\"@id\":\"https:\\\/\\\/optitex.com\\\/es\\\/support\\\/\",\"url\":\"https:\\\/\\\/optitex.com\\\/es\\\/support\\\/\",\"name\":\"Asistencia - Optitex\",\"isPartOf\":{\"@id\":\"https:\\\/\\\/optitex.com\\\/#website\"},\"datePublished\":\"2019-01-14T21:37:27+00:00\",\"dateModified\":\"2026-02-05T13:06:08+00:00\",\"description\":\"Apoy\u00e1ndolo en todas las zonas horarias, el centro de soporte Optitex proporciona toda la informaci\u00f3n necesaria para aprovechar al m\u00e1ximo los productos Optitex.\",\"breadcrumb\":{\"@id\":\"https:\\\/\\\/optitex.com\\\/es\\\/support\\\/#breadcrumb\"},\"inLanguage\":\"es\",\"potentialAction\":[{\"@type\":\"ReadAction\",\"target\":[\"https:\\\/\\\/optitex.com\\\/es\\\/support\\\/\"]}]},{\"@type\":\"BreadcrumbList\",\"@id\":\"https:\\\/\\\/optitex.com\\\/es\\\/support\\\/#breadcrumb\",\"itemListElement\":[{\"@type\":\"ListItem\",\"position\":1,\"name\":\"Home\",\"item\":\"https:\\\/\\\/optitex.com\\\/es\\\/\"},{\"@type\":\"ListItem\",\"position\":2,\"name\":\"Asistencia &#8211; Optitex\"}]},{\"@type\":\"WebSite\",\"@id\":\"https:\\\/\\\/optitex.com\\\/#website\",\"url\":\"https:\\\/\\\/optitex.com\\\/\",\"name\":\"Optitex\",\"description\":\"Fashion Design Software\",\"publisher\":{\"@id\":\"https:\\\/\\\/optitex.com\\\/#organization\"},\"potentialAction\":[{\"@type\":\"SearchAction\",\"target\":{\"@type\":\"EntryPoint\",\"urlTemplate\":\"https:\\\/\\\/optitex.com\\\/?s={search_term_string}\"},\"query-input\":{\"@type\":\"PropertyValueSpecification\",\"valueRequired\":true,\"valueName\":\"search_term_string\"}}],\"inLanguage\":\"es\"},{\"@type\":\"Organization\",\"@id\":\"https:\\\/\\\/optitex.com\\\/#organization\",\"name\":\"Optitex\",\"url\":\"https:\\\/\\\/optitex.com\\\/\",\"logo\":{\"@type\":\"ImageObject\",\"inLanguage\":\"es\",\"@id\":\"https:\\\/\\\/optitex.com\\\/#\\\/schema\\\/logo\\\/image\\\/\",\"url\":\"https:\\\/\\\/optitex.com\\\/wp-content\\\/uploads\\\/2020\\\/04\\\/Optitex_social.png\",\"contentUrl\":\"https:\\\/\\\/optitex.com\\\/wp-content\\\/uploads\\\/2020\\\/04\\\/Optitex_social.png\",\"width\":600,\"height\":600,\"caption\":\"Optitex\"},\"image\":{\"@id\":\"https:\\\/\\\/optitex.com\\\/#\\\/schema\\\/logo\\\/image\\\/\"}}]}<\/script>\n<!-- \/ Yoast SEO plugin. -->","yoast_head_json":{"title":"Asistencia - Optitex","description":"Apoy\u00e1ndolo en todas las zonas horarias, el centro de soporte Optitex proporciona toda la informaci\u00f3n necesaria para aprovechar al m\u00e1ximo los productos Optitex.","robots":{"index":"index","follow":"follow","max-snippet":"max-snippet:-1","max-image-preview":"max-image-preview:large","max-video-preview":"max-video-preview:-1"},"canonical":"https:\/\/optitex.com\/es\/support\/","og_locale":"es_ES","og_type":"article","og_title":"Asistencia - Optitex","og_description":"Apoy\u00e1ndolo en todas las zonas horarias, el centro de soporte Optitex proporciona toda la informaci\u00f3n necesaria para aprovechar al m\u00e1ximo los productos Optitex.","og_url":"https:\/\/optitex.com\/es\/support\/","og_site_name":"Optitex","article_modified_time":"2026-02-05T13:06:08+00:00","og_image":[{"width":600,"height":600,"url":"https:\/\/optitex.com\/wp-content\/uploads\/2020\/04\/Optitex_social.png","type":"image\/png"}],"schema":{"@context":"https:\/\/schema.org","@graph":[{"@type":"WebPage","@id":"https:\/\/optitex.com\/es\/support\/","url":"https:\/\/optitex.com\/es\/support\/","name":"Asistencia - Optitex","isPartOf":{"@id":"https:\/\/optitex.com\/#website"},"datePublished":"2019-01-14T21:37:27+00:00","dateModified":"2026-02-05T13:06:08+00:00","description":"Apoy\u00e1ndolo en todas las zonas horarias, el centro de soporte Optitex proporciona toda la informaci\u00f3n necesaria para aprovechar al m\u00e1ximo los productos Optitex.","breadcrumb":{"@id":"https:\/\/optitex.com\/es\/support\/#breadcrumb"},"inLanguage":"es","potentialAction":[{"@type":"ReadAction","target":["https:\/\/optitex.com\/es\/support\/"]}]},{"@type":"BreadcrumbList","@id":"https:\/\/optitex.com\/es\/support\/#breadcrumb","itemListElement":[{"@type":"ListItem","position":1,"name":"Home","item":"https:\/\/optitex.com\/es\/"},{"@type":"ListItem","position":2,"name":"Asistencia &#8211; Optitex"}]},{"@type":"WebSite","@id":"https:\/\/optitex.com\/#website","url":"https:\/\/optitex.com\/","name":"Optitex","description":"Fashion Design Software","publisher":{"@id":"https:\/\/optitex.com\/#organization"},"potentialAction":[{"@type":"SearchAction","target":{"@type":"EntryPoint","urlTemplate":"https:\/\/optitex.com\/?s={search_term_string}"},"query-input":{"@type":"PropertyValueSpecification","valueRequired":true,"valueName":"search_term_string"}}],"inLanguage":"es"},{"@type":"Organization","@id":"https:\/\/optitex.com\/#organization","name":"Optitex","url":"https:\/\/optitex.com\/","logo":{"@type":"ImageObject","inLanguage":"es","@id":"https:\/\/optitex.com\/#\/schema\/logo\/image\/","url":"https:\/\/optitex.com\/wp-content\/uploads\/2020\/04\/Optitex_social.png","contentUrl":"https:\/\/optitex.com\/wp-content\/uploads\/2020\/04\/Optitex_social.png","width":600,"height":600,"caption":"Optitex"},"image":{"@id":"https:\/\/optitex.com\/#\/schema\/logo\/image\/"}}]}},"_links":{"self":[{"href":"https:\/\/optitex.com\/es\/wp-json\/wp\/v2\/pages\/20511","targetHints":{"allow":["GET"]}}],"collection":[{"href":"https:\/\/optitex.com\/es\/wp-json\/wp\/v2\/pages"}],"about":[{"href":"https:\/\/optitex.com\/es\/wp-json\/wp\/v2\/types\/page"}],"author":[{"embeddable":true,"href":"https:\/\/optitex.com\/es\/wp-json\/wp\/v2\/users\/1"}],"replies":[{"embeddable":true,"href":"https:\/\/optitex.com\/es\/wp-json\/wp\/v2\/comments?post=20511"}],"version-history":[{"count":0,"href":"https:\/\/optitex.com\/es\/wp-json\/wp\/v2\/pages\/20511\/revisions"}],"wp:attachment":[{"href":"https:\/\/optitex.com\/es\/wp-json\/wp\/v2\/media?parent=20511"}],"curies":[{"name":"wp","href":"https:\/\/api.w.org\/{rel}","templated":true}]}}