{"id":31836,"date":"2026-03-06T15:13:04","date_gmt":"2026-03-06T13:13:04","guid":{"rendered":"https:\/\/optitexdevenv.wpengine.com\/products\/sketch-and-fill\/"},"modified":"2026-03-26T17:22:01","modified_gmt":"2026-03-26T15:22:01","slug":"sketch-and-fill","status":"publish","type":"page","link":"https:\/\/optitex.com\/es\/products\/sketch-and-fill\/","title":{"rendered":"Sketch &#038; Fill (by NedGraphics)"},"content":{"rendered":"","protected":false},"excerpt":{"rendered":"","protected":false},"author":12,"featured_media":0,"parent":19760,"menu_order":0,"comment_status":"closed","ping_status":"closed","template":"template-dynamic.php","meta":{"footnotes":""},"class_list":["post-31836","page","type-page","status-publish","hentry"],"acf":[],"yoast_head":"<!-- This site is optimized with the Yoast SEO plugin v27.4 - https:\/\/yoast.com\/product\/yoast-seo-wordpress\/ -->\n<title>Sketch &amp; Fill (by NedGraphics)<\/title>\n<meta name=\"description\" content=\"Sketch &amp; Fill de NedGraphics es un potente plugin para Adobe Illustrator creado para optimizar el bocetado de prendas y el escalado de gr\u00e1ficos dentro de los flujos de trabajo de dise\u00f1o y producci\u00f3n de moda.\" \/>\n<meta name=\"robots\" content=\"index, follow, max-snippet:-1, max-image-preview:large, max-video-preview:-1\" \/>\n<link rel=\"canonical\" href=\"https:\/\/optitex.com\/es\/products\/sketch-and-fill\/\" \/>\n<meta property=\"og:locale\" content=\"es_ES\" \/>\n<meta property=\"og:type\" content=\"article\" \/>\n<meta property=\"og:title\" content=\"Sketch &amp; Fill (by NedGraphics)\" \/>\n<meta property=\"og:description\" content=\"Sketch &amp; Fill de NedGraphics es un potente plugin para Adobe Illustrator creado para optimizar el bocetado de prendas y el escalado de gr\u00e1ficos dentro de los flujos de trabajo de dise\u00f1o y producci\u00f3n de moda.\" \/>\n<meta property=\"og:url\" content=\"https:\/\/optitex.com\/es\/products\/sketch-and-fill\/\" \/>\n<meta property=\"og:site_name\" content=\"Optitex\" \/>\n<meta property=\"article:modified_time\" content=\"2026-03-26T15:22:01+00:00\" \/>\n<meta property=\"og:image\" content=\"https:\/\/optitex.com\/wp-content\/uploads\/2020\/04\/Optitex_social.png\" \/>\n\t<meta property=\"og:image:width\" content=\"600\" \/>\n\t<meta property=\"og:image:height\" content=\"600\" \/>\n\t<meta property=\"og:image:type\" content=\"image\/png\" \/>\n<script type=\"application\/ld+json\" class=\"yoast-schema-graph\">{\"@context\":\"https:\\\/\\\/schema.org\",\"@graph\":[{\"@type\":\"WebPage\",\"@id\":\"https:\\\/\\\/optitex.com\\\/es\\\/products\\\/sketch-and-fill\\\/\",\"url\":\"https:\\\/\\\/optitex.com\\\/es\\\/products\\\/sketch-and-fill\\\/\",\"name\":\"Sketch & Fill (by NedGraphics)\",\"isPartOf\":{\"@id\":\"https:\\\/\\\/optitex.com\\\/#website\"},\"datePublished\":\"2026-03-06T13:13:04+00:00\",\"dateModified\":\"2026-03-26T15:22:01+00:00\",\"description\":\"Sketch & Fill de NedGraphics es un potente plugin para Adobe Illustrator creado para optimizar el bocetado de prendas y el escalado de gr\u00e1ficos dentro de los flujos de trabajo de dise\u00f1o y producci\u00f3n de moda.\",\"breadcrumb\":{\"@id\":\"https:\\\/\\\/optitex.com\\\/es\\\/products\\\/sketch-and-fill\\\/#breadcrumb\"},\"inLanguage\":\"es\",\"potentialAction\":[{\"@type\":\"ReadAction\",\"target\":[\"https:\\\/\\\/optitex.com\\\/es\\\/products\\\/sketch-and-fill\\\/\"]}]},{\"@type\":\"BreadcrumbList\",\"@id\":\"https:\\\/\\\/optitex.com\\\/es\\\/products\\\/sketch-and-fill\\\/#breadcrumb\",\"itemListElement\":[{\"@type\":\"ListItem\",\"position\":1,\"name\":\"Home\",\"item\":\"https:\\\/\\\/optitex.com\\\/es\\\/\"},{\"@type\":\"ListItem\",\"position\":2,\"name\":\"Products &#8211;\u00a0Optitex\",\"item\":\"https:\\\/\\\/optitex.com\\\/es\\\/products\\\/\"},{\"@type\":\"ListItem\",\"position\":3,\"name\":\"Sketch &#038; Fill (by NedGraphics)\"}]},{\"@type\":\"WebSite\",\"@id\":\"https:\\\/\\\/optitex.com\\\/#website\",\"url\":\"https:\\\/\\\/optitex.com\\\/\",\"name\":\"Optitex\",\"description\":\"Fashion Design Software\",\"publisher\":{\"@id\":\"https:\\\/\\\/optitex.com\\\/#organization\"},\"potentialAction\":[{\"@type\":\"SearchAction\",\"target\":{\"@type\":\"EntryPoint\",\"urlTemplate\":\"https:\\\/\\\/optitex.com\\\/?s={search_term_string}\"},\"query-input\":{\"@type\":\"PropertyValueSpecification\",\"valueRequired\":true,\"valueName\":\"search_term_string\"}}],\"inLanguage\":\"es\"},{\"@type\":\"Organization\",\"@id\":\"https:\\\/\\\/optitex.com\\\/#organization\",\"name\":\"Optitex\",\"url\":\"https:\\\/\\\/optitex.com\\\/\",\"logo\":{\"@type\":\"ImageObject\",\"inLanguage\":\"es\",\"@id\":\"https:\\\/\\\/optitex.com\\\/#\\\/schema\\\/logo\\\/image\\\/\",\"url\":\"https:\\\/\\\/optitex.com\\\/wp-content\\\/uploads\\\/2020\\\/04\\\/Optitex_social.png\",\"contentUrl\":\"https:\\\/\\\/optitex.com\\\/wp-content\\\/uploads\\\/2020\\\/04\\\/Optitex_social.png\",\"width\":600,\"height\":600,\"caption\":\"Optitex\"},\"image\":{\"@id\":\"https:\\\/\\\/optitex.com\\\/#\\\/schema\\\/logo\\\/image\\\/\"}}]}<\/script>\n<!-- \/ Yoast SEO plugin. -->","yoast_head_json":{"title":"Sketch & Fill (by NedGraphics)","description":"Sketch & Fill de NedGraphics es un potente plugin para Adobe Illustrator creado para optimizar el bocetado de prendas y el escalado de gr\u00e1ficos dentro de los flujos de trabajo de dise\u00f1o y producci\u00f3n de moda.","robots":{"index":"index","follow":"follow","max-snippet":"max-snippet:-1","max-image-preview":"max-image-preview:large","max-video-preview":"max-video-preview:-1"},"canonical":"https:\/\/optitex.com\/es\/products\/sketch-and-fill\/","og_locale":"es_ES","og_type":"article","og_title":"Sketch & Fill (by NedGraphics)","og_description":"Sketch & Fill de NedGraphics es un potente plugin para Adobe Illustrator creado para optimizar el bocetado de prendas y el escalado de gr\u00e1ficos dentro de los flujos de trabajo de dise\u00f1o y producci\u00f3n de moda.","og_url":"https:\/\/optitex.com\/es\/products\/sketch-and-fill\/","og_site_name":"Optitex","article_modified_time":"2026-03-26T15:22:01+00:00","og_image":[{"width":600,"height":600,"url":"https:\/\/optitex.com\/wp-content\/uploads\/2020\/04\/Optitex_social.png","type":"image\/png"}],"schema":{"@context":"https:\/\/schema.org","@graph":[{"@type":"WebPage","@id":"https:\/\/optitex.com\/es\/products\/sketch-and-fill\/","url":"https:\/\/optitex.com\/es\/products\/sketch-and-fill\/","name":"Sketch & Fill (by NedGraphics)","isPartOf":{"@id":"https:\/\/optitex.com\/#website"},"datePublished":"2026-03-06T13:13:04+00:00","dateModified":"2026-03-26T15:22:01+00:00","description":"Sketch & Fill de NedGraphics es un potente plugin para Adobe Illustrator creado para optimizar el bocetado de prendas y el escalado de gr\u00e1ficos dentro de los flujos de trabajo de dise\u00f1o y producci\u00f3n de moda.","breadcrumb":{"@id":"https:\/\/optitex.com\/es\/products\/sketch-and-fill\/#breadcrumb"},"inLanguage":"es","potentialAction":[{"@type":"ReadAction","target":["https:\/\/optitex.com\/es\/products\/sketch-and-fill\/"]}]},{"@type":"BreadcrumbList","@id":"https:\/\/optitex.com\/es\/products\/sketch-and-fill\/#breadcrumb","itemListElement":[{"@type":"ListItem","position":1,"name":"Home","item":"https:\/\/optitex.com\/es\/"},{"@type":"ListItem","position":2,"name":"Products &#8211;\u00a0Optitex","item":"https:\/\/optitex.com\/es\/products\/"},{"@type":"ListItem","position":3,"name":"Sketch &#038; Fill (by NedGraphics)"}]},{"@type":"WebSite","@id":"https:\/\/optitex.com\/#website","url":"https:\/\/optitex.com\/","name":"Optitex","description":"Fashion Design Software","publisher":{"@id":"https:\/\/optitex.com\/#organization"},"potentialAction":[{"@type":"SearchAction","target":{"@type":"EntryPoint","urlTemplate":"https:\/\/optitex.com\/?s={search_term_string}"},"query-input":{"@type":"PropertyValueSpecification","valueRequired":true,"valueName":"search_term_string"}}],"inLanguage":"es"},{"@type":"Organization","@id":"https:\/\/optitex.com\/#organization","name":"Optitex","url":"https:\/\/optitex.com\/","logo":{"@type":"ImageObject","inLanguage":"es","@id":"https:\/\/optitex.com\/#\/schema\/logo\/image\/","url":"https:\/\/optitex.com\/wp-content\/uploads\/2020\/04\/Optitex_social.png","contentUrl":"https:\/\/optitex.com\/wp-content\/uploads\/2020\/04\/Optitex_social.png","width":600,"height":600,"caption":"Optitex"},"image":{"@id":"https:\/\/optitex.com\/#\/schema\/logo\/image\/"}}]}},"_links":{"self":[{"href":"https:\/\/optitex.com\/es\/wp-json\/wp\/v2\/pages\/31836","targetHints":{"allow":["GET"]}}],"collection":[{"href":"https:\/\/optitex.com\/es\/wp-json\/wp\/v2\/pages"}],"about":[{"href":"https:\/\/optitex.com\/es\/wp-json\/wp\/v2\/types\/page"}],"author":[{"embeddable":true,"href":"https:\/\/optitex.com\/es\/wp-json\/wp\/v2\/users\/12"}],"replies":[{"embeddable":true,"href":"https:\/\/optitex.com\/es\/wp-json\/wp\/v2\/comments?post=31836"}],"version-history":[{"count":0,"href":"https:\/\/optitex.com\/es\/wp-json\/wp\/v2\/pages\/31836\/revisions"}],"up":[{"embeddable":true,"href":"https:\/\/optitex.com\/es\/wp-json\/wp\/v2\/pages\/19760"}],"wp:attachment":[{"href":"https:\/\/optitex.com\/es\/wp-json\/wp\/v2\/media?parent=31836"}],"curies":[{"name":"wp","href":"https:\/\/api.w.org\/{rel}","templated":true}]}}